{"id":24526,"date":"2025-10-21T15:19:00","date_gmt":"2025-10-21T13:19:00","guid":{"rendered":"https:\/\/pmc.uwr.edu.pl\/?page_id=24526"},"modified":"2025-10-22T14:41:07","modified_gmt":"2025-10-22T12:41:07","slug":"teaching","status":"publish","type":"page","link":"https:\/\/pmc.uwr.edu.pl\/en\/teaching\/","title":{"rendered":"Teaching"},"content":{"rendered":"\n<div class=\"wp-block-media-text is-stacked-on-mobile\" style=\"border-style:none;border-width:0px;margin-top:var(--wp--preset--spacing--50);margin-bottom:var(--wp--preset--spacing--50);padding-top:var(--wp--preset--spacing--50);padding-bottom:var(--wp--preset--spacing--50);grid-template-columns:45% auto\"><figure class=\"wp-block-media-text__media\"><img loading=\"lazy\" decoding=\"async\" width=\"1024\" height=\"768\" src=\"https:\/\/pmc.uwr.edu.pl\/wp-content\/uploads\/sites\/567\/2025\/10\/FF0B323F-6280-496B-8F34-638CF0DA03E5-1024x768.png\" alt=\"Obrazek przedstawiaj\u0105cy student\u00f3w muzykologii i wyk\u0142adowczyni\u0119- Soni\u0119 Wronkowsk\u0105\nA picture depicting musicology students and their lecturer, Sonia Wronkowska.\" class=\"wp-image-25080 size-full\" srcset=\"https:\/\/pmc.uwr.edu.pl\/wp-content\/uploads\/sites\/567\/2025\/10\/FF0B323F-6280-496B-8F34-638CF0DA03E5-1024x768.png 1024w, https:\/\/pmc.uwr.edu.pl\/wp-content\/uploads\/sites\/567\/2025\/10\/FF0B323F-6280-496B-8F34-638CF0DA03E5-300x225.png 300w, https:\/\/pmc.uwr.edu.pl\/wp-content\/uploads\/sites\/567\/2025\/10\/FF0B323F-6280-496B-8F34-638CF0DA03E5-768x576.png 768w, https:\/\/pmc.uwr.edu.pl\/wp-content\/uploads\/sites\/567\/2025\/10\/FF0B323F-6280-496B-8F34-638CF0DA03E5-1536x1152.png 1536w, https:\/\/pmc.uwr.edu.pl\/wp-content\/uploads\/sites\/567\/2025\/10\/FF0B323F-6280-496B-8F34-638CF0DA03E5-24x18.png 24w, https:\/\/pmc.uwr.edu.pl\/wp-content\/uploads\/sites\/567\/2025\/10\/FF0B323F-6280-496B-8F34-638CF0DA03E5-36x27.png 36w, https:\/\/pmc.uwr.edu.pl\/wp-content\/uploads\/sites\/567\/2025\/10\/FF0B323F-6280-496B-8F34-638CF0DA03E5-48x36.png 48w, https:\/\/pmc.uwr.edu.pl\/wp-content\/uploads\/sites\/567\/2025\/10\/FF0B323F-6280-496B-8F34-638CF0DA03E5.png 2048w\" sizes=\"auto, (max-width: 1024px) 100vw, 1024px\" \/><\/figure><div class=\"wp-block-media-text__content\">\n<p>We are pleased to announce that in the 2025\/2026 academic year, we will continue to run classes for musicology students at the University of Wroc\u0142aw \u2013 \u201cIntroduction to Digital Musicology\u201d! The course is taught by Sonia Wronkowska, MA.<\/p>\n<\/div><\/div>\n\n\n\n<p>In the summer semester of 2024\/2025, we launched the course \u201cIntroduction to Digital Musicology\u201d for musicology students at the University of Wroc\u0142aw (master&#8217;s program). The course is taught by Sonia Wronkowska, MA.<\/p>\n\n\n\n<p>The course launch was preceded by lectures and workshops on digital musicology:<\/p>\n\n\n\n<ul class=\"wp-block-list\">\n<li>Workshop led by Eunika Kupis (University Library of Wroc\u0142aw): <em>Digital text transcription using the TransLab application<\/em>, Institute of Musicology, January 15, 2025.<\/li>\n\n\n\n<li>Workshop led by Sonia Wronkowska (National Library of Poland) dedicated to <em>the Music Encoding Initiative (MEI) \u2014 an open standard for encoding musical notation<\/em>, Institute of Musicology, March 26, 2024.<\/li>\n\n\n\n<li>Lecture by Sonia Wronkowska (National Library of Poland) inaugurating the activities of the Centre for Digital Musicology at the Institute of Musicology, University of Wroc\u0142aw: MEI \u2014 The Foundation of the Most Interesting Digital Musicology Projects, Institute of Musicology, March 26, 2024.<\/li>\n\n\n\n<li>Open lecture as part of the Visiting Professors program by Prof. Tim Crawford (Goldsmiths, University of London): Exploring Renaissance Music at Scale with F-TEMPO, Institute of Musicology, January 18, 2024.<\/li>\n<\/ul>\n\n\n\n<p><\/p>\n\n\n\n<p><\/p>\n","protected":false},"excerpt":{"rendered":"<p>We are pleased to announce that in the 2025\/2026 academic year, we will continue to run classes for musicology students at the University of Wroc\u0142aw \u2013 \u201cIntroduction to Digital Musicology\u201d! The course is taught by Sonia Wronkowska, MA. In the summer semester of 2024\/2025, we launched the course \u201cIntroduction to Digital Musicology\u201d for musicology students [&hellip;]<\/p>\n","protected":false},"author":9546,"featured_media":0,"parent":0,"menu_order":0,"comment_status":"closed","ping_status":"closed","template":"","meta":{"_acf_changed":false,"inline_featured_image":false,"site-sidebar-layout":"default","site-content-layout":"","ast-site-content-layout":"default","site-content-style":"default","site-sidebar-style":"default","ast-global-header-display":"","ast-banner-title-visibility":"","ast-main-header-display":"","ast-hfb-above-header-display":"","ast-hfb-below-header-display":"","ast-hfb-mobile-header-display":"","site-post-title":"","ast-breadcrumbs-content":"","ast-featured-img":"","footer-sml-layout":"","ast-disable-related-posts":"","theme-transparent-header-meta":"","adv-header-id-meta":"","stick-header-meta":"","header-above-stick-meta":"","header-main-stick-meta":"","header-below-stick-meta":"","astra-migrate-meta-layouts":"set","ast-page-background-enabled":"default","ast-page-background-meta":{"desktop":{"background-color":"","background-image":"","background-repeat":"repeat","background-position":"center center","background-size":"auto","background-attachment":"scroll","background-type":"","background-media":"","overlay-type":"","overlay-color":"","overlay-opacity":"","overlay-gradient":""},"tablet":{"background-color":"","background-image":"","background-repeat":"repeat","background-position":"center center","background-size":"auto","background-attachment":"scroll","background-type":"","background-media":"","overlay-type":"","overlay-color":"","overlay-opacity":"","overlay-gradient":""},"mobile":{"background-color":"","background-image":"","background-repeat":"repeat","background-position":"center center","background-size":"auto","background-attachment":"scroll","background-type":"","background-media":"","overlay-type":"","overlay-color":"","overlay-opacity":"","overlay-gradient":""}},"ast-content-background-meta":{"desktop":{"background-color":"var(--ast-global-color-5)","background-image":"","background-repeat":"repeat","background-position":"center center","background-size":"auto","background-attachment":"scroll","background-type":"","background-media":"","overlay-type":"","overlay-color":"","overlay-opacity":"","overlay-gradient":""},"tablet":{"background-color":"var(--ast-global-color-5)","background-image":"","background-repeat":"repeat","background-position":"center center","background-size":"auto","background-attachment":"scroll","background-type":"","background-media":"","overlay-type":"","overlay-color":"","overlay-opacity":"","overlay-gradient":""},"mobile":{"background-color":"var(--ast-global-color-5)","background-image":"","background-repeat":"repeat","background-position":"center center","background-size":"auto","background-attachment":"scroll","background-type":"","background-media":"","overlay-type":"","overlay-color":"","overlay-opacity":"","overlay-gradient":""}},"footnotes":""},"categories":[],"tags":[],"class_list":["post-24526","page","type-page","status-publish","hentry"],"featured_image_urls_v2":{"full":"","thumbnail":"","medium":"","medium_large":"","large":"","1536x1536":"","2048x2048":"","menu-24x24":"","menu-36x36":"","menu-48x48":""},"post_excerpt_stackable_v2":"<p>We are pleased to announce that in the 2025\/2026 academic year, we will continue to run classes for musicology students at the University of Wroc\u0142aw \u2013 \u201cIntroduction to Digital Musicology\u201d! The course is taught by Sonia Wronkowska, MA. In the summer semester of 2024\/2025, we launched the course \u201cIntroduction to Digital Musicology\u201d for musicology students at the University of Wroc\u0142aw (master&#8217;s program). The course is taught by Sonia Wronkowska, MA. The course launch was preceded by lectures and workshops on digital musicology: Workshop led by Eunika Kupis (University Library of Wroc\u0142aw): Digital text transcription using the TransLab application, Institute of&hellip;<\/p>\n","category_list_v2":"Uncategorized","author_info_v2":{"name":"msiatkowska","url":"https:\/\/pmc.uwr.edu.pl\/en\/author\/s348650\/"},"comments_num_v2":"0 comments","acf":[],"yoast_head":"<!-- This site is optimized with the Yoast SEO plugin v27.1.1 - https:\/\/yoast.com\/product\/yoast-seo-wordpress\/ -->\n<title>Teaching - Centre for Digital Musicology<\/title>\n<meta name=\"robots\" content=\"index, follow, max-snippet:-1, max-image-preview:large, max-video-preview:-1\" \/>\n<link rel=\"canonical\" href=\"https:\/\/pmc.uwr.edu.pl\/en\/teaching\/\" \/>\n<meta property=\"og:locale\" content=\"en_US\" \/>\n<meta property=\"og:type\" content=\"article\" \/>\n<meta property=\"og:title\" content=\"Teaching - Centre for Digital Musicology\" \/>\n<meta property=\"og:description\" content=\"We are pleased to announce that in the 2025\/2026 academic year, we will continue to run classes for musicology students at the University of Wroc\u0142aw \u2013 \u201cIntroduction to Digital Musicology\u201d! The course is taught by Sonia Wronkowska, MA. In the summer semester of 2024\/2025, we launched the course \u201cIntroduction to Digital Musicology\u201d for musicology students [&hellip;]\" \/>\n<meta property=\"og:url\" content=\"https:\/\/pmc.uwr.edu.pl\/en\/teaching\/\" \/>\n<meta property=\"og:site_name\" content=\"Centre for Digital Musicology\" \/>\n<meta property=\"article:modified_time\" content=\"2025-10-22T12:41:07+00:00\" \/>\n<meta property=\"og:image\" content=\"https:\/\/pmc.uwr.edu.pl\/wp-content\/uploads\/sites\/567\/2025\/10\/FF0B323F-6280-496B-8F34-638CF0DA03E5-1024x768.png\" \/>\n\t<meta property=\"og:image:width\" content=\"1024\" \/>\n\t<meta property=\"og:image:height\" content=\"768\" \/>\n\t<meta property=\"og:image:type\" content=\"image\/png\" \/>\n<meta name=\"twitter:card\" content=\"summary_large_image\" \/>\n<meta name=\"twitter:label1\" content=\"Est. reading time\" \/>\n\t<meta name=\"twitter:data1\" content=\"2 minutes\" \/>\n<script type=\"application\/ld+json\" class=\"yoast-schema-graph\">{\"@context\":\"https:\/\/schema.org\",\"@graph\":[{\"@type\":\"WebPage\",\"@id\":\"https:\/\/pmc.uwr.edu.pl\/en\/teaching\/\",\"url\":\"https:\/\/pmc.uwr.edu.pl\/en\/teaching\/\",\"name\":\"Teaching - Centre for Digital Musicology\",\"isPartOf\":{\"@id\":\"https:\/\/pmc.uwr.edu.pl\/#website\"},\"primaryImageOfPage\":{\"@id\":\"https:\/\/pmc.uwr.edu.pl\/en\/teaching\/#primaryimage\"},\"image\":{\"@id\":\"https:\/\/pmc.uwr.edu.pl\/en\/teaching\/#primaryimage\"},\"thumbnailUrl\":\"https:\/\/pmc.uwr.edu.pl\/wp-content\/uploads\/sites\/567\/2025\/10\/FF0B323F-6280-496B-8F34-638CF0DA03E5-1024x768.png\",\"datePublished\":\"2025-10-21T13:19:00+00:00\",\"dateModified\":\"2025-10-22T12:41:07+00:00\",\"breadcrumb\":{\"@id\":\"https:\/\/pmc.uwr.edu.pl\/en\/teaching\/#breadcrumb\"},\"inLanguage\":\"en-US\",\"potentialAction\":[{\"@type\":\"ReadAction\",\"target\":[\"https:\/\/pmc.uwr.edu.pl\/en\/teaching\/\"]}]},{\"@type\":\"ImageObject\",\"inLanguage\":\"en-US\",\"@id\":\"https:\/\/pmc.uwr.edu.pl\/en\/teaching\/#primaryimage\",\"url\":\"https:\/\/pmc.uwr.edu.pl\/wp-content\/uploads\/sites\/567\/2025\/10\/FF0B323F-6280-496B-8F34-638CF0DA03E5-1024x768.png\",\"contentUrl\":\"https:\/\/pmc.uwr.edu.pl\/wp-content\/uploads\/sites\/567\/2025\/10\/FF0B323F-6280-496B-8F34-638CF0DA03E5-1024x768.png\"},{\"@type\":\"BreadcrumbList\",\"@id\":\"https:\/\/pmc.uwr.edu.pl\/en\/teaching\/#breadcrumb\",\"itemListElement\":[{\"@type\":\"ListItem\",\"position\":1,\"name\":\"Strona g\u0142\u00f3wna\",\"item\":\"https:\/\/pmc.uwr.edu.pl\/en\/main-page\/\"},{\"@type\":\"ListItem\",\"position\":2,\"name\":\"Teaching\"}]},{\"@type\":\"WebSite\",\"@id\":\"https:\/\/pmc.uwr.edu.pl\/#website\",\"url\":\"https:\/\/pmc.uwr.edu.pl\/\",\"name\":\"Centre for Digital Musicology\",\"description\":\"Kolejna witryna sieci \u201eUWR Witryny\u201d\",\"publisher\":{\"@id\":\"https:\/\/pmc.uwr.edu.pl\/#organization\"},\"potentialAction\":[{\"@type\":\"SearchAction\",\"target\":{\"@type\":\"EntryPoint\",\"urlTemplate\":\"https:\/\/pmc.uwr.edu.pl\/?s={search_term_string}\"},\"query-input\":{\"@type\":\"PropertyValueSpecification\",\"valueRequired\":true,\"valueName\":\"search_term_string\"}}],\"inLanguage\":\"en-US\"},{\"@type\":\"Organization\",\"@id\":\"https:\/\/pmc.uwr.edu.pl\/#organization\",\"name\":\"Centre for Digital Musicology\",\"url\":\"https:\/\/pmc.uwr.edu.pl\/\",\"logo\":{\"@type\":\"ImageObject\",\"inLanguage\":\"en-US\",\"@id\":\"https:\/\/pmc.uwr.edu.pl\/#\/schema\/logo\/image\/\",\"url\":\"https:\/\/pmc.uwr.edu.pl\/wp-content\/uploads\/sites\/567\/2025\/10\/UWr-logotyp-2025.png\",\"contentUrl\":\"https:\/\/pmc.uwr.edu.pl\/wp-content\/uploads\/sites\/567\/2025\/10\/UWr-logotyp-2025.png\",\"width\":764,\"height\":269,\"caption\":\"Centre for Digital Musicology\"},\"image\":{\"@id\":\"https:\/\/pmc.uwr.edu.pl\/#\/schema\/logo\/image\/\"}}]}<\/script>\n<!-- \/ Yoast SEO plugin. -->","yoast_head_json":{"title":"Teaching - Centre for Digital Musicology","robots":{"index":"index","follow":"follow","max-snippet":"max-snippet:-1","max-image-preview":"max-image-preview:large","max-video-preview":"max-video-preview:-1"},"canonical":"https:\/\/pmc.uwr.edu.pl\/en\/teaching\/","og_locale":"en_US","og_type":"article","og_title":"Teaching - Centre for Digital Musicology","og_description":"We are pleased to announce that in the 2025\/2026 academic year, we will continue to run classes for musicology students at the University of Wroc\u0142aw \u2013 \u201cIntroduction to Digital Musicology\u201d! The course is taught by Sonia Wronkowska, MA. In the summer semester of 2024\/2025, we launched the course \u201cIntroduction to Digital Musicology\u201d for musicology students [&hellip;]","og_url":"https:\/\/pmc.uwr.edu.pl\/en\/teaching\/","og_site_name":"Centre for Digital Musicology","article_modified_time":"2025-10-22T12:41:07+00:00","og_image":[{"width":1024,"height":768,"url":"https:\/\/pmc.uwr.edu.pl\/wp-content\/uploads\/sites\/567\/2025\/10\/FF0B323F-6280-496B-8F34-638CF0DA03E5-1024x768.png","type":"image\/png"}],"twitter_card":"summary_large_image","twitter_misc":{"Est. reading time":"2 minutes"},"schema":{"@context":"https:\/\/schema.org","@graph":[{"@type":"WebPage","@id":"https:\/\/pmc.uwr.edu.pl\/en\/teaching\/","url":"https:\/\/pmc.uwr.edu.pl\/en\/teaching\/","name":"Teaching - Centre for Digital Musicology","isPartOf":{"@id":"https:\/\/pmc.uwr.edu.pl\/#website"},"primaryImageOfPage":{"@id":"https:\/\/pmc.uwr.edu.pl\/en\/teaching\/#primaryimage"},"image":{"@id":"https:\/\/pmc.uwr.edu.pl\/en\/teaching\/#primaryimage"},"thumbnailUrl":"https:\/\/pmc.uwr.edu.pl\/wp-content\/uploads\/sites\/567\/2025\/10\/FF0B323F-6280-496B-8F34-638CF0DA03E5-1024x768.png","datePublished":"2025-10-21T13:19:00+00:00","dateModified":"2025-10-22T12:41:07+00:00","breadcrumb":{"@id":"https:\/\/pmc.uwr.edu.pl\/en\/teaching\/#breadcrumb"},"inLanguage":"en-US","potentialAction":[{"@type":"ReadAction","target":["https:\/\/pmc.uwr.edu.pl\/en\/teaching\/"]}]},{"@type":"ImageObject","inLanguage":"en-US","@id":"https:\/\/pmc.uwr.edu.pl\/en\/teaching\/#primaryimage","url":"https:\/\/pmc.uwr.edu.pl\/wp-content\/uploads\/sites\/567\/2025\/10\/FF0B323F-6280-496B-8F34-638CF0DA03E5-1024x768.png","contentUrl":"https:\/\/pmc.uwr.edu.pl\/wp-content\/uploads\/sites\/567\/2025\/10\/FF0B323F-6280-496B-8F34-638CF0DA03E5-1024x768.png"},{"@type":"BreadcrumbList","@id":"https:\/\/pmc.uwr.edu.pl\/en\/teaching\/#breadcrumb","itemListElement":[{"@type":"ListItem","position":1,"name":"Strona g\u0142\u00f3wna","item":"https:\/\/pmc.uwr.edu.pl\/en\/main-page\/"},{"@type":"ListItem","position":2,"name":"Teaching"}]},{"@type":"WebSite","@id":"https:\/\/pmc.uwr.edu.pl\/#website","url":"https:\/\/pmc.uwr.edu.pl\/","name":"Centre for Digital Musicology","description":"Kolejna witryna sieci \u201eUWR Witryny\u201d","publisher":{"@id":"https:\/\/pmc.uwr.edu.pl\/#organization"},"potentialAction":[{"@type":"SearchAction","target":{"@type":"EntryPoint","urlTemplate":"https:\/\/pmc.uwr.edu.pl\/?s={search_term_string}"},"query-input":{"@type":"PropertyValueSpecification","valueRequired":true,"valueName":"search_term_string"}}],"inLanguage":"en-US"},{"@type":"Organization","@id":"https:\/\/pmc.uwr.edu.pl\/#organization","name":"Centre for Digital Musicology","url":"https:\/\/pmc.uwr.edu.pl\/","logo":{"@type":"ImageObject","inLanguage":"en-US","@id":"https:\/\/pmc.uwr.edu.pl\/#\/schema\/logo\/image\/","url":"https:\/\/pmc.uwr.edu.pl\/wp-content\/uploads\/sites\/567\/2025\/10\/UWr-logotyp-2025.png","contentUrl":"https:\/\/pmc.uwr.edu.pl\/wp-content\/uploads\/sites\/567\/2025\/10\/UWr-logotyp-2025.png","width":764,"height":269,"caption":"Centre for Digital Musicology"},"image":{"@id":"https:\/\/pmc.uwr.edu.pl\/#\/schema\/logo\/image\/"}}]}},"publishpress_future_action":{"enabled":false,"date":"2026-04-22 05:56:39","action":"change-status","newStatus":"draft","terms":[],"taxonomy":"category","extraData":[]},"publishpress_future_workflow_manual_trigger":{"enabledWorkflows":[]},"_links":{"self":[{"href":"https:\/\/pmc.uwr.edu.pl\/en\/wp-json\/wp\/v2\/pages\/24526\/"}],"collection":[{"href":"https:\/\/pmc.uwr.edu.pl\/en\/wp-json\/wp\/v2\/pages\/"}],"about":[{"href":"https:\/\/pmc.uwr.edu.pl\/en\/wp-json\/wp\/v2\/types\/page\/"}],"author":[{"embeddable":true,"href":"https:\/\/pmc.uwr.edu.pl\/en\/wp-json\/wp\/v2\/users\/9546\/"}],"replies":[{"embeddable":true,"href":"https:\/\/pmc.uwr.edu.pl\/en\/wp-json\/wp\/v2\/comments\/?post=24526"}],"version-history":[{"count":2,"href":"https:\/\/pmc.uwr.edu.pl\/en\/wp-json\/wp\/v2\/pages\/24526\/revisions\/"}],"predecessor-version":[{"id":25137,"href":"https:\/\/pmc.uwr.edu.pl\/en\/wp-json\/wp\/v2\/pages\/24526\/revisions\/25137\/"}],"wp:attachment":[{"href":"https:\/\/pmc.uwr.edu.pl\/en\/wp-json\/wp\/v2\/media\/?parent=24526"}],"wp:term":[{"taxonomy":"category","embeddable":true,"href":"https:\/\/pmc.uwr.edu.pl\/en\/wp-json\/wp\/v2\/categories\/?post=24526"},{"taxonomy":"post_tag","embeddable":true,"href":"https:\/\/pmc.uwr.edu.pl\/en\/wp-json\/wp\/v2\/tags\/?post=24526"}],"curies":[{"name":"wp","href":"https:\/\/api.w.org\/{rel}","templated":true}]}}