{"id":24502,"date":"2025-02-20T15:33:28","date_gmt":"2025-02-20T14:33:28","guid":{"rendered":"https:\/\/pmc.uwr.edu.pl\/?page_id=24502"},"modified":"2026-03-04T12:14:11","modified_gmt":"2026-03-04T11:14:11","slug":"contact","status":"publish","type":"page","link":"https:\/\/pmc.uwr.edu.pl\/en\/contact\/","title":{"rendered":"Contact"},"content":{"rendered":"\n<p>Centre for Digital Musicology, Institute of Musicology, University of Wroc\u0142aw<br>ul. Kr\u0119ta 1, 50-237 Wroc\u0142aw<br>Email:\u00a0pmc@uwr.edu.pl<br><a href=\"https:\/\/pmc.uwr.edu.pl\/\">https:\/\/pmc.uwr.edu.pl\/<br><\/a>Correspondence Address:<br>Institute of Musicology, University of Wroc\u0142aw<br>ul. Szewska 36, 50-139 Wroc\u0142aw<\/p>\n\n\n\n<p><\/p>\n\n\n\n<p><\/p>\n","protected":false},"excerpt":{"rendered":"<p>Centre for Digital Musicology, Institute of Musicology, University of Wroc\u0142awul. Kr\u0119ta 1, 50-237 Wroc\u0142awEmail:\u00a0pmc@uwr.edu.plhttps:\/\/pmc.uwr.edu.pl\/Correspondence Address:Institute of Musicology, University of Wroc\u0142awul. Szewska 36, 50-139 Wroc\u0142aw<\/p>\n","protected":false},"author":4197,"featured_media":0,"parent":0,"menu_order":0,"comment_status":"closed","ping_status":"closed","template":"","meta":{"_acf_changed":false,"inline_featured_image":false,"site-sidebar-layout":"default","site-content-layout":"","ast-site-content-layout":"default","site-content-style":"default","site-sidebar-style":"default","ast-global-header-display":"","ast-banner-title-visibility":"","ast-main-header-display":"","ast-hfb-above-header-display":"","ast-hfb-below-header-display":"","ast-hfb-mobile-header-display":"","site-post-title":"","ast-breadcrumbs-content":"","ast-featured-img":"","footer-sml-layout":"","ast-disable-related-posts":"","theme-transparent-header-meta":"","adv-header-id-meta":"","stick-header-meta":"","header-above-stick-meta":"","header-main-stick-meta":"","header-below-stick-meta":"","astra-migrate-meta-layouts":"set","ast-page-background-enabled":"default","ast-page-background-meta":{"desktop":{"background-color":"","background-image":"","background-repeat":"repeat","background-position":"center center","background-size":"auto","background-attachment":"scroll","background-type":"","background-media":"","overlay-type":"","overlay-color":"","overlay-opacity":"","overlay-gradient":""},"tablet":{"background-color":"","background-image":"","background-repeat":"repeat","background-position":"center center","background-size":"auto","background-attachment":"scroll","background-type":"","background-media":"","overlay-type":"","overlay-color":"","overlay-opacity":"","overlay-gradient":""},"mobile":{"background-color":"","background-image":"","background-repeat":"repeat","background-position":"center center","background-size":"auto","background-attachment":"scroll","background-type":"","background-media":"","overlay-type":"","overlay-color":"","overlay-opacity":"","overlay-gradient":""}},"ast-content-background-meta":{"desktop":{"background-color":"var(--ast-global-color-5)","background-image":"","background-repeat":"repeat","background-position":"center center","background-size":"auto","background-attachment":"scroll","background-type":"","background-media":"","overlay-type":"","overlay-color":"","overlay-opacity":"","overlay-gradient":""},"tablet":{"background-color":"var(--ast-global-color-5)","background-image":"","background-repeat":"repeat","background-position":"center center","background-size":"auto","background-attachment":"scroll","background-type":"","background-media":"","overlay-type":"","overlay-color":"","overlay-opacity":"","overlay-gradient":""},"mobile":{"background-color":"var(--ast-global-color-5)","background-image":"","background-repeat":"repeat","background-position":"center center","background-size":"auto","background-attachment":"scroll","background-type":"","background-media":"","overlay-type":"","overlay-color":"","overlay-opacity":"","overlay-gradient":""}},"footnotes":""},"categories":[],"tags":[],"class_list":["post-24502","page","type-page","status-publish","hentry"],"featured_image_urls_v2":{"full":"","thumbnail":"","medium":"","medium_large":"","large":"","1536x1536":"","2048x2048":"","menu-24x24":"","menu-36x36":"","menu-48x48":""},"post_excerpt_stackable_v2":"<p>Centre for Digital Musicology, Institute of Musicology, University of Wroc\u0142awul. Kr\u0119ta 1, 50-237 Wroc\u0142awEmail:\u00a0pmc@uwr.edu.plhttps:\/\/pmc.uwr.edu.pl\/Correspondence Address:Institute of Musicology, University of Wroc\u0142awul. Szewska 36, 50-139 Wroc\u0142aw<\/p>\n","category_list_v2":"Uncategorized","author_info_v2":{"name":"rraczynski","url":"https:\/\/pmc.uwr.edu.pl\/en\/author\/rraczynski\/"},"comments_num_v2":"0 comments","acf":[],"yoast_head":"<!-- This site is optimized with the Yoast SEO plugin v27.1.1 - https:\/\/yoast.com\/product\/yoast-seo-wordpress\/ -->\n<title>Contact - Centre for Digital Musicology<\/title>\n<meta name=\"robots\" content=\"index, follow, max-snippet:-1, max-image-preview:large, max-video-preview:-1\" \/>\n<link rel=\"canonical\" href=\"https:\/\/pmc.uwr.edu.pl\/en\/contact\/\" \/>\n<meta property=\"og:locale\" content=\"en_US\" \/>\n<meta property=\"og:type\" content=\"article\" \/>\n<meta property=\"og:title\" content=\"Contact - Centre for Digital Musicology\" \/>\n<meta property=\"og:description\" content=\"Centre for Digital Musicology, Institute of Musicology, University of Wroc\u0142awul. Kr\u0119ta 1, 50-237 Wroc\u0142awEmail:\u00a0pmc@uwr.edu.plhttps:\/\/pmc.uwr.edu.pl\/Correspondence Address:Institute of Musicology, University of Wroc\u0142awul. Szewska 36, 50-139 Wroc\u0142aw\" \/>\n<meta property=\"og:url\" content=\"https:\/\/pmc.uwr.edu.pl\/en\/contact\/\" \/>\n<meta property=\"og:site_name\" content=\"Centre for Digital Musicology\" \/>\n<meta property=\"article:modified_time\" content=\"2026-03-04T11:14:11+00:00\" \/>\n<meta name=\"twitter:card\" content=\"summary_large_image\" \/>\n<meta name=\"twitter:label1\" content=\"Est. reading time\" \/>\n\t<meta name=\"twitter:data1\" content=\"1 minute\" \/>\n<script type=\"application\/ld+json\" class=\"yoast-schema-graph\">{\"@context\":\"https:\/\/schema.org\",\"@graph\":[{\"@type\":\"WebPage\",\"@id\":\"https:\/\/pmc.uwr.edu.pl\/en\/contact\/\",\"url\":\"https:\/\/pmc.uwr.edu.pl\/en\/contact\/\",\"name\":\"Contact - Centre for Digital Musicology\",\"isPartOf\":{\"@id\":\"https:\/\/pmc.uwr.edu.pl\/#website\"},\"datePublished\":\"2025-02-20T14:33:28+00:00\",\"dateModified\":\"2026-03-04T11:14:11+00:00\",\"breadcrumb\":{\"@id\":\"https:\/\/pmc.uwr.edu.pl\/en\/contact\/#breadcrumb\"},\"inLanguage\":\"en-US\",\"potentialAction\":[{\"@type\":\"ReadAction\",\"target\":[\"https:\/\/pmc.uwr.edu.pl\/en\/contact\/\"]}]},{\"@type\":\"BreadcrumbList\",\"@id\":\"https:\/\/pmc.uwr.edu.pl\/en\/contact\/#breadcrumb\",\"itemListElement\":[{\"@type\":\"ListItem\",\"position\":1,\"name\":\"Strona g\u0142\u00f3wna\",\"item\":\"https:\/\/pmc.uwr.edu.pl\/en\/main-page\/\"},{\"@type\":\"ListItem\",\"position\":2,\"name\":\"Contact\"}]},{\"@type\":\"WebSite\",\"@id\":\"https:\/\/pmc.uwr.edu.pl\/#website\",\"url\":\"https:\/\/pmc.uwr.edu.pl\/\",\"name\":\"Centre for Digital Musicology\",\"description\":\"Kolejna witryna sieci \u201eUWR Witryny\u201d\",\"publisher\":{\"@id\":\"https:\/\/pmc.uwr.edu.pl\/#organization\"},\"potentialAction\":[{\"@type\":\"SearchAction\",\"target\":{\"@type\":\"EntryPoint\",\"urlTemplate\":\"https:\/\/pmc.uwr.edu.pl\/?s={search_term_string}\"},\"query-input\":{\"@type\":\"PropertyValueSpecification\",\"valueRequired\":true,\"valueName\":\"search_term_string\"}}],\"inLanguage\":\"en-US\"},{\"@type\":\"Organization\",\"@id\":\"https:\/\/pmc.uwr.edu.pl\/#organization\",\"name\":\"Centre for Digital Musicology\",\"url\":\"https:\/\/pmc.uwr.edu.pl\/\",\"logo\":{\"@type\":\"ImageObject\",\"inLanguage\":\"en-US\",\"@id\":\"https:\/\/pmc.uwr.edu.pl\/#\/schema\/logo\/image\/\",\"url\":\"https:\/\/pmc.uwr.edu.pl\/wp-content\/uploads\/sites\/567\/2025\/10\/UWr-logotyp-2025.png\",\"contentUrl\":\"https:\/\/pmc.uwr.edu.pl\/wp-content\/uploads\/sites\/567\/2025\/10\/UWr-logotyp-2025.png\",\"width\":764,\"height\":269,\"caption\":\"Centre for Digital Musicology\"},\"image\":{\"@id\":\"https:\/\/pmc.uwr.edu.pl\/#\/schema\/logo\/image\/\"}}]}<\/script>\n<!-- \/ Yoast SEO plugin. -->","yoast_head_json":{"title":"Contact - Centre for Digital Musicology","robots":{"index":"index","follow":"follow","max-snippet":"max-snippet:-1","max-image-preview":"max-image-preview:large","max-video-preview":"max-video-preview:-1"},"canonical":"https:\/\/pmc.uwr.edu.pl\/en\/contact\/","og_locale":"en_US","og_type":"article","og_title":"Contact - Centre for Digital Musicology","og_description":"Centre for Digital Musicology, Institute of Musicology, University of Wroc\u0142awul. Kr\u0119ta 1, 50-237 Wroc\u0142awEmail:\u00a0pmc@uwr.edu.plhttps:\/\/pmc.uwr.edu.pl\/Correspondence Address:Institute of Musicology, University of Wroc\u0142awul. Szewska 36, 50-139 Wroc\u0142aw","og_url":"https:\/\/pmc.uwr.edu.pl\/en\/contact\/","og_site_name":"Centre for Digital Musicology","article_modified_time":"2026-03-04T11:14:11+00:00","twitter_card":"summary_large_image","twitter_misc":{"Est. reading time":"1 minute"},"schema":{"@context":"https:\/\/schema.org","@graph":[{"@type":"WebPage","@id":"https:\/\/pmc.uwr.edu.pl\/en\/contact\/","url":"https:\/\/pmc.uwr.edu.pl\/en\/contact\/","name":"Contact - Centre for Digital Musicology","isPartOf":{"@id":"https:\/\/pmc.uwr.edu.pl\/#website"},"datePublished":"2025-02-20T14:33:28+00:00","dateModified":"2026-03-04T11:14:11+00:00","breadcrumb":{"@id":"https:\/\/pmc.uwr.edu.pl\/en\/contact\/#breadcrumb"},"inLanguage":"en-US","potentialAction":[{"@type":"ReadAction","target":["https:\/\/pmc.uwr.edu.pl\/en\/contact\/"]}]},{"@type":"BreadcrumbList","@id":"https:\/\/pmc.uwr.edu.pl\/en\/contact\/#breadcrumb","itemListElement":[{"@type":"ListItem","position":1,"name":"Strona g\u0142\u00f3wna","item":"https:\/\/pmc.uwr.edu.pl\/en\/main-page\/"},{"@type":"ListItem","position":2,"name":"Contact"}]},{"@type":"WebSite","@id":"https:\/\/pmc.uwr.edu.pl\/#website","url":"https:\/\/pmc.uwr.edu.pl\/","name":"Centre for Digital Musicology","description":"Kolejna witryna sieci \u201eUWR Witryny\u201d","publisher":{"@id":"https:\/\/pmc.uwr.edu.pl\/#organization"},"potentialAction":[{"@type":"SearchAction","target":{"@type":"EntryPoint","urlTemplate":"https:\/\/pmc.uwr.edu.pl\/?s={search_term_string}"},"query-input":{"@type":"PropertyValueSpecification","valueRequired":true,"valueName":"search_term_string"}}],"inLanguage":"en-US"},{"@type":"Organization","@id":"https:\/\/pmc.uwr.edu.pl\/#organization","name":"Centre for Digital Musicology","url":"https:\/\/pmc.uwr.edu.pl\/","logo":{"@type":"ImageObject","inLanguage":"en-US","@id":"https:\/\/pmc.uwr.edu.pl\/#\/schema\/logo\/image\/","url":"https:\/\/pmc.uwr.edu.pl\/wp-content\/uploads\/sites\/567\/2025\/10\/UWr-logotyp-2025.png","contentUrl":"https:\/\/pmc.uwr.edu.pl\/wp-content\/uploads\/sites\/567\/2025\/10\/UWr-logotyp-2025.png","width":764,"height":269,"caption":"Centre for Digital Musicology"},"image":{"@id":"https:\/\/pmc.uwr.edu.pl\/#\/schema\/logo\/image\/"}}]}},"publishpress_future_action":{"enabled":false,"date":"2026-04-22 04:12:23","action":"change-status","newStatus":"draft","terms":[],"taxonomy":"category","extraData":[]},"publishpress_future_workflow_manual_trigger":{"enabledWorkflows":[]},"_links":{"self":[{"href":"https:\/\/pmc.uwr.edu.pl\/en\/wp-json\/wp\/v2\/pages\/24502\/"}],"collection":[{"href":"https:\/\/pmc.uwr.edu.pl\/en\/wp-json\/wp\/v2\/pages\/"}],"about":[{"href":"https:\/\/pmc.uwr.edu.pl\/en\/wp-json\/wp\/v2\/types\/page\/"}],"author":[{"embeddable":true,"href":"https:\/\/pmc.uwr.edu.pl\/en\/wp-json\/wp\/v2\/users\/4197\/"}],"replies":[{"embeddable":true,"href":"https:\/\/pmc.uwr.edu.pl\/en\/wp-json\/wp\/v2\/comments\/?post=24502"}],"version-history":[{"count":2,"href":"https:\/\/pmc.uwr.edu.pl\/en\/wp-json\/wp\/v2\/pages\/24502\/revisions\/"}],"predecessor-version":[{"id":25555,"href":"https:\/\/pmc.uwr.edu.pl\/en\/wp-json\/wp\/v2\/pages\/24502\/revisions\/25555\/"}],"wp:attachment":[{"href":"https:\/\/pmc.uwr.edu.pl\/en\/wp-json\/wp\/v2\/media\/?parent=24502"}],"wp:term":[{"taxonomy":"category","embeddable":true,"href":"https:\/\/pmc.uwr.edu.pl\/en\/wp-json\/wp\/v2\/categories\/?post=24502"},{"taxonomy":"post_tag","embeddable":true,"href":"https:\/\/pmc.uwr.edu.pl\/en\/wp-json\/wp\/v2\/tags\/?post=24502"}],"curies":[{"name":"wp","href":"https:\/\/api.w.org\/{rel}","templated":true}]}}